{"id":2,"date":"2023-01-22T15:48:09","date_gmt":"2023-01-22T15:48:09","guid":{"rendered":"http:\/\/umaminnovation.com\/?page_id=2"},"modified":"2023-03-31T08:36:19","modified_gmt":"2023-03-31T08:36:19","slug":"sample-page","status":"publish","type":"page","link":"https:\/\/umaminnovation.com\/fr\/sample-page\/","title":{"rendered":"index"},"content":{"rendered":"<div class=\"wp-block-cover alignfull\" style=\"min-height:440px;aspect-ratio:unset;\"><span aria-hidden=\"true\" class=\"wp-block-cover__background has-background-dim-0 has-background-dim\"><\/span><img decoding=\"async\" class=\"wp-block-cover__image-background wp-image-190\" alt=\"\" src=\"https:\/\/umaminnovation.com\/wp-content\/uploads\/2023\/03\/Top_mainimg.png\" style=\"object-position:50% 33%\" data-object-fit=\"cover\" data-object-position=\"50% 33%\"\/><div class=\"wp-block-cover__inner-container is-layout-flow wp-block-cover-is-layout-flow\">\n<h2 class=\"wp-block-heading alignwide has-white-color has-text-color\" id=\"aioseo-forest\" style=\"font-size:64px\">Umaminnovation<\/h2>\n\n\n\n<div class=\"wp-block-columns alignwide is-layout-flex wp-container-core-columns-is-layout-9d6595d7 wp-block-columns-is-layout-flex\">\n<div class=\"wp-block-column is-layout-flow wp-block-column-is-layout-flow\" style=\"flex-basis:55%\">\n<div style=\"height:36px\" aria-hidden=\"true\" class=\"wp-block-spacer\"><\/div>\n\n\n\n<p class=\"has-white-color has-text-color\" style=\"font-size:16px;line-height:1.3\"><em>Even a child knows how valuable the forest is. The fresh, breathtaking smell of trees. Echoing birds flying above that dense magnitude. A stable climate, a sustainable diverse life and a source of culture. Yet, forests and other ecosystems hang in the balance, threatened to become croplands, pasture, and plantations.<\/em><\/p>\n<\/div>\n\n\n\n<div class=\"wp-block-column is-layout-flow wp-block-column-is-layout-flow\"><\/div>\n<\/div>\n<\/div><\/div>\n\n\n\n<div class=\"wp-block-columns is-layout-flex wp-container-core-columns-is-layout-9d6595d7 wp-block-columns-is-layout-flex\">\n<div class=\"wp-block-column is-layout-flow wp-block-column-is-layout-flow\">\n<h1 class=\"wp-block-heading\">Knowledge of Umami<\/h1>\n<\/div>\n\n\n\n<div class=\"wp-block-column is-layout-flow wp-block-column-is-layout-flow\"><ul class=\"wp-block-latest-posts__list wp-block-latest-posts\"><li><a class=\"wp-block-latest-posts__post-title\" href=\"https:\/\/umaminnovation.com\/fr\/modernisation-and-dried-kombu-in-japan-traditional-production-methods\/\">Modernisation et kombu s\u00e9ch\u00e9 au Japon, m\u00e9thodes de production traditionnelles<\/a><\/li>\n<li><a class=\"wp-block-latest-posts__post-title\" href=\"https:\/\/umaminnovation.com\/fr\/dried-kombu-a-traditional-japanese-foodstuff-symbolising-peoples-prayers\/\">Varech s\u00e9ch\u00e9 - aliment traditionnel japonais symbolisant les pri\u00e8res des personnes.<\/a><\/li>\n<li><a class=\"wp-block-latest-posts__post-title\" href=\"https:\/\/umaminnovation.com\/fr\/recommended-recipes-for-dried-shiitake-mushrooms-natures-umami-booster\/\">Recettes recommand\u00e9es pour les champignons shiitake s\u00e9ch\u00e9s, l'umami de la nature.<\/a><\/li>\n<li><a class=\"wp-block-latest-posts__post-title\" href=\"https:\/\/umaminnovation.com\/fr\/sustainable-forest-umami-dried-shiitake-mushrooms-first-half\/\">Sustainable forest Umami &#8220;Dried shiitake mushrooms&#8221;<\/a><\/li>\n<li><a class=\"wp-block-latest-posts__post-title\" href=\"https:\/\/umaminnovation.com\/fr\/umami-in-dried-mushrooms\/\">Umami in dried mushrooms<\/a><\/li>\n<\/ul><\/div>\n<\/div>","protected":false},"excerpt":{"rendered":"<p>Knowledge of Umami<\/p>","protected":false},"author":1,"featured_media":0,"parent":0,"menu_order":0,"comment_status":"closed","ping_status":"open","template":"","meta":{"content-type":"","om_disable_all_campaigns":false,"footnotes":""},"class_list":["post-2","page","type-page","status-publish","hentry"],"aioseo_notices":[],"_links":{"self":[{"href":"https:\/\/umaminnovation.com\/fr\/wp-json\/wp\/v2\/pages\/2","targetHints":{"allow":["GET"]}}],"collection":[{"href":"https:\/\/umaminnovation.com\/fr\/wp-json\/wp\/v2\/pages"}],"about":[{"href":"https:\/\/umaminnovation.com\/fr\/wp-json\/wp\/v2\/types\/page"}],"author":[{"embeddable":true,"href":"https:\/\/umaminnovation.com\/fr\/wp-json\/wp\/v2\/users\/1"}],"replies":[{"embeddable":true,"href":"https:\/\/umaminnovation.com\/fr\/wp-json\/wp\/v2\/comments?post=2"}],"version-history":[{"count":15,"href":"https:\/\/umaminnovation.com\/fr\/wp-json\/wp\/v2\/pages\/2\/revisions"}],"predecessor-version":[{"id":195,"href":"https:\/\/umaminnovation.com\/fr\/wp-json\/wp\/v2\/pages\/2\/revisions\/195"}],"wp:attachment":[{"href":"https:\/\/umaminnovation.com\/fr\/wp-json\/wp\/v2\/media?parent=2"}],"curies":[{"name":"wp","href":"https:\/\/api.w.org\/{rel}","templated":true}]}}