{"id":143,"date":"2023-03-29T17:26:46","date_gmt":"2023-03-29T17:26:46","guid":{"rendered":"https:\/\/umaminnovation.com\/?page_id=143"},"modified":"2023-04-14T10:14:52","modified_gmt":"2023-04-14T10:14:52","slug":"about-us","status":"publish","type":"page","link":"https:\/\/umaminnovation.com\/fr\/about-us\/","title":{"rendered":"About us"},"content":{"rendered":"<div class=\"wp-block-media-text alignwide is-stacked-on-mobile is-vertically-aligned-top\"><figure class=\"wp-block-media-text__media\"><img loading=\"lazy\" decoding=\"async\" width=\"500\" height=\"500\" src=\"http:\/\/umaminnovation.com\/wp-content\/uploads\/2023\/03\/matsushima.png\" alt=\"\" class=\"wp-image-178 size-full\" srcset=\"https:\/\/umaminnovation.com\/wp-content\/uploads\/2023\/03\/matsushima.png 500w, https:\/\/umaminnovation.com\/wp-content\/uploads\/2023\/03\/matsushima-300x300.png 300w, https:\/\/umaminnovation.com\/wp-content\/uploads\/2023\/03\/matsushima-150x150.png 150w, https:\/\/umaminnovation.com\/wp-content\/uploads\/2023\/03\/matsushima-12x12.png 12w\" sizes=\"auto, (max-width: 500px) 100vw, 500px\" \/><\/figure><div class=\"wp-block-media-text__content\">\n<h2 class=\"wp-block-heading\">Keisuke Matsushima<\/h2>\n\n\n\n<h4 class=\"wp-block-heading\">Superviseur<\/h4>\n\n\n\n<p>Il vit et travaille \u00e0 Nice, en France.<br>Il s'est install\u00e9 en France \u00e0 l'\u00e2ge de 20 ans et a ouvert son restaurant \u00e0 Nice \u00e0 l'\u00e2ge de 25 ans.<br>Passionn\u00e9 par l'action sociale \u00e0 travers la nourriture, il a obtenu et conserv\u00e9 une \u00e9toile Michelin et s'est vu d\u00e9cerner la m\u00e9daille d'honneur par le gouvernement fran\u00e7ais.<\/p>\n\n\n\n<div class=\"wp-block-buttons is-layout-flex wp-block-buttons-is-layout-flex\">\n<div class=\"wp-block-button\"><a class=\"wp-block-button__link wp-element-button\" href=\"https:\/\/umaminnovation.com\/fr\/keisuke-matsushima-archivements\/\">Archivements<\/a><\/div>\n<\/div>\n<\/div><\/div>\n\n\n\n<div class=\"wp-block-media-text alignwide has-media-on-the-right is-stacked-on-mobile\"><div class=\"wp-block-media-text__content\">\n<h2 class=\"wp-block-heading\">Naoyoshi Itani<\/h2>\n\n\n\n<h4 class=\"wp-block-heading\">Production et coordination vid\u00e9o<\/h4>\n\n\n\n<p>Il vit et travaille \u00e0 Florence, en Italie.<br>Il a \u00e9tudi\u00e9 l'histoire dans une \u00e9cole italienne de troisi\u00e8me cycle et travaille actuellement comme coordinateur et r\u00e9alisateur de productions vid\u00e9o, produisant des programmes t\u00e9l\u00e9vis\u00e9s japonais et diverses vid\u00e9os localement en Italie.<\/p>\n<\/div><figure class=\"wp-block-media-text__media\"><img loading=\"lazy\" decoding=\"async\" width=\"500\" height=\"500\" src=\"https:\/\/umaminnovation.com\/wp-content\/uploads\/2023\/03\/itani.png\" alt=\"\" class=\"wp-image-180 size-full\" srcset=\"https:\/\/umaminnovation.com\/wp-content\/uploads\/2023\/03\/itani.png 500w, https:\/\/umaminnovation.com\/wp-content\/uploads\/2023\/03\/itani-300x300.png 300w, https:\/\/umaminnovation.com\/wp-content\/uploads\/2023\/03\/itani-150x150.png 150w, https:\/\/umaminnovation.com\/wp-content\/uploads\/2023\/03\/itani-12x12.png 12w\" sizes=\"auto, (max-width: 500px) 100vw, 500px\" \/><\/figure><\/div>\n\n\n\n<div class=\"wp-block-media-text alignwide is-stacked-on-mobile\"><figure class=\"wp-block-media-text__media\"><img loading=\"lazy\" decoding=\"async\" width=\"500\" height=\"500\" src=\"https:\/\/umaminnovation.com\/wp-content\/uploads\/2023\/03\/matsushita.png\" alt=\"\" class=\"wp-image-183 size-full\" srcset=\"https:\/\/umaminnovation.com\/wp-content\/uploads\/2023\/03\/matsushita.png 500w, https:\/\/umaminnovation.com\/wp-content\/uploads\/2023\/03\/matsushita-300x300.png 300w, https:\/\/umaminnovation.com\/wp-content\/uploads\/2023\/03\/matsushita-150x150.png 150w, https:\/\/umaminnovation.com\/wp-content\/uploads\/2023\/03\/matsushita-12x12.png 12w\" sizes=\"auto, (max-width: 500px) 100vw, 500px\" \/><\/figure><div class=\"wp-block-media-text__content\">\n<h2 class=\"wp-block-heading\">Kumi Matsushita<\/h2>\n\n\n\n<h4 class=\"wp-block-heading\">R\u00e9dacteur, marketeur, sc\u00e9nariste et r\u00e9alisateur<\/h4>\n\n\n\n<p>Il vit et travaille aux Pays-Bas.<br>A travaill\u00e9 dans la production publicitaire, la promotion et le marketing au Japon pendant plus de 25 ans. Il a d\u00e9couvert l'attrait du dashi en pratiquant le je\u00fbne et a dirig\u00e9 le magazine en ligne sur le dashi \"Oishiidashi\".<\/p>\n<\/div><\/div>\n\n\n\n<p><\/p>","protected":false},"excerpt":{"rendered":"<p>Naoyoshi Itani Video production and coordination Lives and works in Florence, Italy.Studied history at an&hellip;<\/p>","protected":false},"author":1,"featured_media":0,"parent":0,"menu_order":0,"comment_status":"closed","ping_status":"closed","template":"","meta":{"content-type":"","om_disable_all_campaigns":false,"footnotes":""},"class_list":["post-143","page","type-page","status-publish","hentry"],"aioseo_notices":[],"_links":{"self":[{"href":"https:\/\/umaminnovation.com\/fr\/wp-json\/wp\/v2\/pages\/143","targetHints":{"allow":["GET"]}}],"collection":[{"href":"https:\/\/umaminnovation.com\/fr\/wp-json\/wp\/v2\/pages"}],"about":[{"href":"https:\/\/umaminnovation.com\/fr\/wp-json\/wp\/v2\/types\/page"}],"author":[{"embeddable":true,"href":"https:\/\/umaminnovation.com\/fr\/wp-json\/wp\/v2\/users\/1"}],"replies":[{"embeddable":true,"href":"https:\/\/umaminnovation.com\/fr\/wp-json\/wp\/v2\/comments?post=143"}],"version-history":[{"count":9,"href":"https:\/\/umaminnovation.com\/fr\/wp-json\/wp\/v2\/pages\/143\/revisions"}],"predecessor-version":[{"id":253,"href":"https:\/\/umaminnovation.com\/fr\/wp-json\/wp\/v2\/pages\/143\/revisions\/253"}],"wp:attachment":[{"href":"https:\/\/umaminnovation.com\/fr\/wp-json\/wp\/v2\/media?parent=143"}],"curies":[{"name":"wp","href":"https:\/\/api.w.org\/{rel}","templated":true}]}}